{"id":179,"date":"2019-12-10T22:18:54","date_gmt":"2019-12-10T22:18:54","guid":{"rendered":"http:\/\/www.elelmiszeresitalbiztonsag.hu\/?page_id=179"},"modified":"2024-07-16T11:50:30","modified_gmt":"2024-07-16T11:50:30","slug":"tanulmanyok","status":"publish","type":"page","link":"https:\/\/www.elelmiszeresitalbiztonsag.hu\/index.php\/tanulmanyok\/","title":{"rendered":"Tanulm\u00e1nyok"},"content":{"rendered":"<h2><strong>Munkabiztons\u00e1gi tanulm\u00e1ny:<\/strong><\/h2>\n<p style=\"text-align: justify;\"><em>Amikor biztons\u00e1gban otthon vagy, v\u00e1gysz egy kis kalandra. Kaland k\u00f6zben viszont gyakran szeretn\u00e9l ink\u00e1bb otthon lenni, k\u00e9nyelemben \u00e9s biztons\u00e1gban. (Thornton Niven Wilder)<\/em><br \/>Valahogy \u00edgy van ez a munka vil\u00e1g\u00e1ban is. A munkahelyen az \u201eunalmas\u201d munka sor\u00e1n valami kis izgalomra v\u00e1gyunk, de amikor elj\u00f6n, akkor ink\u00e1bb m\u00e1r nem is v\u00e1gyunk r\u00e1 annyira \u00e9s a j\u00f3l megszokott unalmat v\u00e1lasztan\u00e1nk helyette&#8230;<\/p>\n\n\n<div class=\"wp-block-file\"><a href=\"https:\/\/www.elelmiszeresitalbiztonsag.hu\/wp-content\/uploads\/2020\/01\/\u00c9lelmiszergy\u00e1rt\u00e1s_\u00c1gazat_tanulm\u00e1ny_munkabiztons\u00e1gi-1.pdf\" class=\"wp-block-file__button\" download>Let\u00f6lt\u00e9s<\/a><\/div>\n\n\n<p>\u00a0<\/p>\n<h2><strong>Munkaeg\u00e9szs\u00e9g\u00fcgyi tanulm\u00e1ny:<\/strong><\/h2>\n<p style=\"text-align: justify;\">A tanulm\u00e1ny c\u00e9lja az \u00e9lelmiszer- \u00e9s italgy\u00e1rt\u00e1s \u00e1gazatok munkaeg\u00e9szs\u00e9g\u00fcgyi szab\u00e1lyoz\u00e1s\u00e1nak bemutat\u00e1sa \u00e9s \u00e9rtelmez\u00e9se \u00e9s hogy ir\u00e1nymutat\u00e1st \u00e9s seg\u00edts\u00e9get ny\u00fajtson azok sz\u00e1m\u00e1ra, akik \u00e9rtelmezni szeretn\u00e9k a jogszab\u00e1lyi el\u0151\u00edr\u00e1sokat, eg\u00e9szs\u00e9ges munkahely kialak\u00edt\u00e1s\u00e1ra t\u00f6rekednek, illetve a jogszab\u00e1lyi k\u00f6telezetts\u00e9gnek g\u00f6rd\u00fcl\u00e9kenyen \u00e9s k\u00f6nnyed\u00e9n akarnak eleget tenni. Az \u00e1gazatokban kiemelt fontoss\u00e1g\u00fa a munkaeg\u00e9szs\u00e9g\u00fcgy k\u00e9rd\u00e9sk\u00f6re. Sz\u00e1mos eg\u00e9szs\u00e9gk\u00e1ros\u00edt\u00f3 t\u00e9nyez\u0151 van jelen a munkafolyamatok v\u00e9gz\u00e9se sor\u00e1n, \u00fagy, mint v\u00edrusok, bakt\u00e9riumok, zaj, vegyi anyag \u00e1rtalmak, monotonit\u00e1s, valamint a pszichoszoci\u00e1lis kock\u00e1zatok. Ennek megfelel\u0151en a munkaeg\u00e9szs\u00e9g\u00fcgyi megel\u0151z\u0151 strat\u00e9gia kidolgoz\u00e1sa \u00e9s megfelel\u0151 v\u00e9grehajt\u00e1sa egy nagyon fontos feladat&#8230;<\/p>\n\n\n<div class=\"wp-block-file\"><a href=\"https:\/\/www.elelmiszeresitalbiztonsag.hu\/wp-content\/uploads\/2020\/01\/\u00c9lelmiszergy\u00e1rt\u00e1s_\u00c1gazat_munkaeg\u00e9szs\u00e9g\u00fcgyi_tanulm\u00e1ny_20191120-1.pdf\" class=\"wp-block-file__button\" download>Let\u00f6lt\u00e9s<\/a><\/div>\n\n\n<p>\u00a0<\/p>\n<h2><strong>Kutat\u00e1si jelent\u00e9s:<\/strong><\/h2>\n<p style=\"text-align: justify;\">A projekt c\u00e9lja a munkahelyi eg\u00e9szs\u00e9g\u00fcgy \u00e9s munkabiztons\u00e1g fejleszt\u00e9se, a munkav\u00e1llal\u00f3k \u00e9s munk\u00e1ltat\u00f3k c\u00e9lzott t\u00e1j\u00e9koztat\u00e1sa \u00e9s tudatos\u00edt\u00e1sa, illetve a munkak\u00f6r\u00fclm\u00e9nyek jav\u00edt\u00e1sa Az \u00e9lelmiszer- \u00e9s italgy\u00e1rt\u00e1s al\u00e1gazatokban. A projekt mind a hat konvergenciar\u00e9gi\u00f3ban megval\u00f3sul, m\u00e9gpedig 2, az al\u00e1gazatokban kompetens, illetve reprezentat\u00edv \u00e9rdekk\u00e9pviseleti szervezek k\u00f6zrem\u0171k\u00f6d\u00e9s\u00e9vel. Ezek: \u2013 Munk\u00e1stan\u00e1csok Orsz\u00e1gos Sz\u00f6vets\u00e9ge (MOSZ) \u2013 Magyar Iparsz\u00f6vets\u00e9g (OKISZ)&#8230;<\/p>\n\n\n<div class=\"wp-block-file alignleft\"><a href=\"https:\/\/www.elelmiszeresitalbiztonsag.hu\/wp-content\/uploads\/2019\/12\/534_38_elelmiszer_kutatasi_beszamolo-1.pdf\" class=\"wp-block-file__button\" download>Let\u00f6lt\u00e9s<\/a><\/div>\n","protected":false},"excerpt":{"rendered":"<p>Munkabiztons\u00e1gi tanulm\u00e1ny: Amikor biztons\u00e1gban otthon vagy, v\u00e1gysz egy kis kalandra. Kaland k\u00f6zben viszont gyakran szeretn\u00e9l ink\u00e1bb otthon lenni, k\u00e9nyelemben \u00e9s biztons\u00e1gban. (Thornton Niven Wilder)Valahogy \u00edgy van ez a munka vil\u00e1g\u00e1ban is. A munkahelyen az \u201eunalmas\u201d munka sor\u00e1n valami kis izgalomra v\u00e1gyunk, de amikor elj\u00f6n, akkor ink\u00e1bb m\u00e1r nem is v\u00e1gyunk r\u00e1 annyira \u00e9s a j\u00f3l&#8230;<\/p>\n","protected":false},"author":2,"featured_media":0,"parent":0,"menu_order":0,"comment_status":"closed","ping_status":"closed","template":"","meta":{"footnotes":""},"class_list":["post-179","page","type-page","status-publish","hentry"],"_links":{"self":[{"href":"https:\/\/www.elelmiszeresitalbiztonsag.hu\/index.php\/wp-json\/wp\/v2\/pages\/179","targetHints":{"allow":["GET"]}}],"collection":[{"href":"https:\/\/www.elelmiszeresitalbiztonsag.hu\/index.php\/wp-json\/wp\/v2\/pages"}],"about":[{"href":"https:\/\/www.elelmiszeresitalbiztonsag.hu\/index.php\/wp-json\/wp\/v2\/types\/page"}],"author":[{"embeddable":true,"href":"https:\/\/www.elelmiszeresitalbiztonsag.hu\/index.php\/wp-json\/wp\/v2\/users\/2"}],"replies":[{"embeddable":true,"href":"https:\/\/www.elelmiszeresitalbiztonsag.hu\/index.php\/wp-json\/wp\/v2\/comments?post=179"}],"version-history":[{"count":7,"href":"https:\/\/www.elelmiszeresitalbiztonsag.hu\/index.php\/wp-json\/wp\/v2\/pages\/179\/revisions"}],"predecessor-version":[{"id":248,"href":"https:\/\/www.elelmiszeresitalbiztonsag.hu\/index.php\/wp-json\/wp\/v2\/pages\/179\/revisions\/248"}],"wp:attachment":[{"href":"https:\/\/www.elelmiszeresitalbiztonsag.hu\/index.php\/wp-json\/wp\/v2\/media?parent=179"}],"curies":[{"name":"wp","href":"https:\/\/api.w.org\/{rel}","templated":true}]}}