{"id":20,"date":"2018-11-16T11:44:19","date_gmt":"2018-11-16T11:44:19","guid":{"rendered":"http:\/\/www.elelmiszeresitalbiztonsag.hu\/?page_id=20"},"modified":"2024-07-16T11:43:39","modified_gmt":"2024-07-16T11:43:39","slug":"rendezvenyek","status":"publish","type":"page","link":"https:\/\/www.elelmiszeresitalbiztonsag.hu\/index.php\/rendezvenyek\/","title":{"rendered":"Rendezv\u00e9nyek"},"content":{"rendered":"<p style=\"text-align: justify;\">T\u00e1j\u00e9koztat\u00f3 rendezv\u00e9nyek a c\u00e9lcsoport sz\u00e1m\u00e1ra, inform\u00e1ci\u00f3s napok, tekintettel a p\u00e1ly\u00e1zati felh\u00edv\u00e1sban r\u00f6gz\u00edtett el\u0151\u00edr\u00e1sokra (6 r\u00e9gi\u00f3 el\u00e9r\u00e9se). 6 rendezv\u00e9ny val\u00f3sult meg, rendezv\u00e9nyenk\u00e9nt 100 f\u0151 r\u00e9szv\u00e9tel\u00e9vel (\u00f6sszesen 600 f\u0151) a hat konvergencia r\u00e9gi\u00f3ban.<\/p>\n<p>2019.10.22.\u00a0 Kalocsa\u00a0\u00a0\u00a0\u00a0\u00a0\u00a0\u00a0\u00a0\u00a0\u00a0\u00a0\u00a0\u00a0\u00a0\u00a0\u00a0\u00a0\u00a0\u00a0\u00a0\u00a0\u00a0\u00a0\u00a0\u00a0<\/p>\n<p>2019.10.28.\u00a0 Szeged<\/p>\n<p>2019.11.05.\u00a0 Demj\u00e9n (1. alkalom)<\/p>\n<p>2019.11.05\u00a0 \u00a0Demj\u00e9n (2. alkalom)<\/p>\n<p>2019.11.14.\u00a0 Tatab\u00e1nya<\/p>\n<p>2019.11.15.\u00a0 Tatab\u00e1nya<\/p>\n<h2>\u00a0<\/h2>\n<h2 style=\"text-align: center;\"><strong>Kalocsa &#8211; 2019.10.22.<\/strong><\/h2>\n\n\n<figure class=\"wp-block-gallery has-nested-images columns-default is-cropped wp-block-gallery-1 is-layout-flex wp-block-gallery-is-layout-flex\">\n<figure class=\"wp-block-image size-large\"><a href=\"https:\/\/www.elelmiszeresitalbiztonsag.hu\/wp-content\/uploads\/2020\/02\/IMG_4264-scaled.jpg\"><img loading=\"lazy\" decoding=\"async\" width=\"1024\" height=\"685\" data-id=\"251\" src=\"https:\/\/www.elelmiszeresitalbiztonsag.hu\/wp-content\/uploads\/2020\/02\/IMG_4264-1024x685.jpg\" alt=\"\" class=\"wp-image-251\" srcset=\"https:\/\/www.elelmiszeresitalbiztonsag.hu\/wp-content\/uploads\/2020\/02\/IMG_4264-1024x685.jpg 1024w, https:\/\/www.elelmiszeresitalbiztonsag.hu\/wp-content\/uploads\/2020\/02\/IMG_4264-300x201.jpg 300w, https:\/\/www.elelmiszeresitalbiztonsag.hu\/wp-content\/uploads\/2020\/02\/IMG_4264-768x514.jpg 768w, https:\/\/www.elelmiszeresitalbiztonsag.hu\/wp-content\/uploads\/2020\/02\/IMG_4264-1536x1028.jpg 1536w, https:\/\/www.elelmiszeresitalbiztonsag.hu\/wp-content\/uploads\/2020\/02\/IMG_4264-2048x1370.jpg 2048w, https:\/\/www.elelmiszeresitalbiztonsag.hu\/wp-content\/uploads\/2020\/02\/IMG_4264-850x569.jpg 850w\" sizes=\"auto, (max-width: 1024px) 100vw, 1024px\" \/><\/a><\/figure>\n\n\n\n<figure class=\"wp-block-image size-large\"><a href=\"https:\/\/www.elelmiszeresitalbiztonsag.hu\/wp-content\/uploads\/2020\/02\/20191022_132035-scaled.jpg\"><img loading=\"lazy\" decoding=\"async\" width=\"1024\" height=\"498\" data-id=\"252\" src=\"https:\/\/www.elelmiszeresitalbiztonsag.hu\/wp-content\/uploads\/2020\/02\/20191022_132035-1024x498.jpg\" alt=\"\" class=\"wp-image-252\" srcset=\"https:\/\/www.elelmiszeresitalbiztonsag.hu\/wp-content\/uploads\/2020\/02\/20191022_132035-1024x498.jpg 1024w, https:\/\/www.elelmiszeresitalbiztonsag.hu\/wp-content\/uploads\/2020\/02\/20191022_132035-300x146.jpg 300w, https:\/\/www.elelmiszeresitalbiztonsag.hu\/wp-content\/uploads\/2020\/02\/20191022_132035-768x373.jpg 768w, https:\/\/www.elelmiszeresitalbiztonsag.hu\/wp-content\/uploads\/2020\/02\/20191022_132035-1536x747.jpg 1536w, https:\/\/www.elelmiszeresitalbiztonsag.hu\/wp-content\/uploads\/2020\/02\/20191022_132035-2048x996.jpg 2048w, https:\/\/www.elelmiszeresitalbiztonsag.hu\/wp-content\/uploads\/2020\/02\/20191022_132035-850x413.jpg 850w\" sizes=\"auto, (max-width: 1024px) 100vw, 1024px\" \/><\/a><\/figure>\n\n\n\n<figure class=\"wp-block-image size-large\"><a href=\"https:\/\/www.elelmiszeresitalbiztonsag.hu\/wp-content\/uploads\/2020\/02\/20191022_132005-scaled.jpg\"><img loading=\"lazy\" decoding=\"async\" width=\"1024\" height=\"498\" data-id=\"253\" src=\"https:\/\/www.elelmiszeresitalbiztonsag.hu\/wp-content\/uploads\/2020\/02\/20191022_132005-1024x498.jpg\" alt=\"\" class=\"wp-image-253\" srcset=\"https:\/\/www.elelmiszeresitalbiztonsag.hu\/wp-content\/uploads\/2020\/02\/20191022_132005-1024x498.jpg 1024w, https:\/\/www.elelmiszeresitalbiztonsag.hu\/wp-content\/uploads\/2020\/02\/20191022_132005-300x146.jpg 300w, https:\/\/www.elelmiszeresitalbiztonsag.hu\/wp-content\/uploads\/2020\/02\/20191022_132005-768x373.jpg 768w, https:\/\/www.elelmiszeresitalbiztonsag.hu\/wp-content\/uploads\/2020\/02\/20191022_132005-1536x747.jpg 1536w, https:\/\/www.elelmiszeresitalbiztonsag.hu\/wp-content\/uploads\/2020\/02\/20191022_132005-2048x996.jpg 2048w, https:\/\/www.elelmiszeresitalbiztonsag.hu\/wp-content\/uploads\/2020\/02\/20191022_132005-850x413.jpg 850w\" sizes=\"auto, (max-width: 1024px) 100vw, 1024px\" \/><\/a><\/figure>\n<\/figure>\n\n\n<\/p>\n<h2 style=\"text-align: center;\"><strong>Szeged &#8211; 2019.10.28.<\/strong><\/h2>\n\n\n<figure class=\"wp-block-gallery has-nested-images columns-default is-cropped wp-block-gallery-2 is-layout-flex wp-block-gallery-is-layout-flex\">\n<figure class=\"wp-block-image size-large\"><a href=\"https:\/\/www.elelmiszeresitalbiztonsag.hu\/wp-content\/uploads\/2020\/02\/IMG_4516-1-scaled.jpg\"><img loading=\"lazy\" decoding=\"async\" width=\"1024\" height=\"768\" data-id=\"258\" src=\"https:\/\/www.elelmiszeresitalbiztonsag.hu\/wp-content\/uploads\/2020\/02\/IMG_4516-1-1024x768.jpg\" alt=\"\" class=\"wp-image-258\" srcset=\"https:\/\/www.elelmiszeresitalbiztonsag.hu\/wp-content\/uploads\/2020\/02\/IMG_4516-1-1024x768.jpg 1024w, https:\/\/www.elelmiszeresitalbiztonsag.hu\/wp-content\/uploads\/2020\/02\/IMG_4516-1-300x225.jpg 300w, https:\/\/www.elelmiszeresitalbiztonsag.hu\/wp-content\/uploads\/2020\/02\/IMG_4516-1-768x576.jpg 768w, https:\/\/www.elelmiszeresitalbiztonsag.hu\/wp-content\/uploads\/2020\/02\/IMG_4516-1-1536x1152.jpg 1536w, https:\/\/www.elelmiszeresitalbiztonsag.hu\/wp-content\/uploads\/2020\/02\/IMG_4516-1-2048x1536.jpg 2048w, https:\/\/www.elelmiszeresitalbiztonsag.hu\/wp-content\/uploads\/2020\/02\/IMG_4516-1-850x638.jpg 850w\" sizes=\"auto, (max-width: 1024px) 100vw, 1024px\" \/><\/a><\/figure>\n\n\n\n<figure class=\"wp-block-image size-large\"><a href=\"https:\/\/www.elelmiszeresitalbiztonsag.hu\/wp-content\/uploads\/2020\/02\/20191028_140544-scaled.jpg\"><img loading=\"lazy\" decoding=\"async\" width=\"1024\" height=\"498\" data-id=\"255\" src=\"https:\/\/www.elelmiszeresitalbiztonsag.hu\/wp-content\/uploads\/2020\/02\/20191028_140544-1024x498.jpg\" alt=\"\" class=\"wp-image-255\" srcset=\"https:\/\/www.elelmiszeresitalbiztonsag.hu\/wp-content\/uploads\/2020\/02\/20191028_140544-1024x498.jpg 1024w, https:\/\/www.elelmiszeresitalbiztonsag.hu\/wp-content\/uploads\/2020\/02\/20191028_140544-300x146.jpg 300w, https:\/\/www.elelmiszeresitalbiztonsag.hu\/wp-content\/uploads\/2020\/02\/20191028_140544-768x373.jpg 768w, https:\/\/www.elelmiszeresitalbiztonsag.hu\/wp-content\/uploads\/2020\/02\/20191028_140544-1536x747.jpg 1536w, https:\/\/www.elelmiszeresitalbiztonsag.hu\/wp-content\/uploads\/2020\/02\/20191028_140544-2048x996.jpg 2048w, https:\/\/www.elelmiszeresitalbiztonsag.hu\/wp-content\/uploads\/2020\/02\/20191028_140544-850x413.jpg 850w\" sizes=\"auto, (max-width: 1024px) 100vw, 1024px\" \/><\/a><\/figure>\n\n\n\n<figure class=\"wp-block-image size-large\"><a href=\"https:\/\/www.elelmiszeresitalbiztonsag.hu\/wp-content\/uploads\/2020\/02\/20191028_140459-scaled.jpg\"><img loading=\"lazy\" decoding=\"async\" width=\"1024\" height=\"498\" data-id=\"257\" src=\"https:\/\/www.elelmiszeresitalbiztonsag.hu\/wp-content\/uploads\/2020\/02\/20191028_140459-1024x498.jpg\" alt=\"\" class=\"wp-image-257\" srcset=\"https:\/\/www.elelmiszeresitalbiztonsag.hu\/wp-content\/uploads\/2020\/02\/20191028_140459-1024x498.jpg 1024w, https:\/\/www.elelmiszeresitalbiztonsag.hu\/wp-content\/uploads\/2020\/02\/20191028_140459-300x146.jpg 300w, https:\/\/www.elelmiszeresitalbiztonsag.hu\/wp-content\/uploads\/2020\/02\/20191028_140459-768x373.jpg 768w, https:\/\/www.elelmiszeresitalbiztonsag.hu\/wp-content\/uploads\/2020\/02\/20191028_140459-1536x747.jpg 1536w, https:\/\/www.elelmiszeresitalbiztonsag.hu\/wp-content\/uploads\/2020\/02\/20191028_140459-2048x996.jpg 2048w, https:\/\/www.elelmiszeresitalbiztonsag.hu\/wp-content\/uploads\/2020\/02\/20191028_140459-850x413.jpg 850w\" sizes=\"auto, (max-width: 1024px) 100vw, 1024px\" \/><\/a><\/figure>\n<\/figure>\n\n\n<\/p>\n<h2 id=\"block-9f27f518-ee35-47e9-87bb-eae66c0b9788\" class=\"block-editor-block-list__block wp-block is-selected rich-text block-editor-rich-text__editable has-text-align-center is-hovered wp-block\" tabindex=\"0\" role=\"textbox\" contenteditable=\"true\" aria-label=\"\u00cdrjunk c\u00edmsort\u2026\" aria-multiline=\"true\" data-block=\"9f27f518-ee35-47e9-87bb-eae66c0b9788\" data-type=\"core\/heading\" data-title=\"C\u00edmsor\">Demj\u00e9n &#8211; 2019.11.05. (1. alkalom)<\/h2>\n\n\n<figure class=\"wp-block-gallery has-nested-images columns-default is-cropped wp-block-gallery-3 is-layout-flex wp-block-gallery-is-layout-flex\">\n<figure class=\"wp-block-image size-large\"><a href=\"https:\/\/www.elelmiszeresitalbiztonsag.hu\/wp-content\/uploads\/2020\/07\/IMG_1699-1-scaled.jpg\"><img loading=\"lazy\" decoding=\"async\" width=\"1024\" height=\"768\" data-id=\"433\" src=\"https:\/\/www.elelmiszeresitalbiztonsag.hu\/wp-content\/uploads\/2020\/07\/IMG_1699-1-1024x768.jpg\" alt=\"\" class=\"wp-image-433\" srcset=\"https:\/\/www.elelmiszeresitalbiztonsag.hu\/wp-content\/uploads\/2020\/07\/IMG_1699-1-1024x768.jpg 1024w, https:\/\/www.elelmiszeresitalbiztonsag.hu\/wp-content\/uploads\/2020\/07\/IMG_1699-1-300x225.jpg 300w, https:\/\/www.elelmiszeresitalbiztonsag.hu\/wp-content\/uploads\/2020\/07\/IMG_1699-1-768x576.jpg 768w, https:\/\/www.elelmiszeresitalbiztonsag.hu\/wp-content\/uploads\/2020\/07\/IMG_1699-1-1536x1152.jpg 1536w, https:\/\/www.elelmiszeresitalbiztonsag.hu\/wp-content\/uploads\/2020\/07\/IMG_1699-1-2048x1536.jpg 2048w, https:\/\/www.elelmiszeresitalbiztonsag.hu\/wp-content\/uploads\/2020\/07\/IMG_1699-1-850x638.jpg 850w\" sizes=\"auto, (max-width: 1024px) 100vw, 1024px\" \/><\/a><\/figure>\n\n\n\n<figure class=\"wp-block-image size-large\"><a href=\"https:\/\/www.elelmiszeresitalbiztonsag.hu\/wp-content\/uploads\/2020\/07\/IMG_1706-scaled.jpg\"><img loading=\"lazy\" decoding=\"async\" width=\"1024\" height=\"768\" data-id=\"434\" src=\"https:\/\/www.elelmiszeresitalbiztonsag.hu\/wp-content\/uploads\/2020\/07\/IMG_1706-1024x768.jpg\" alt=\"\" class=\"wp-image-434\" srcset=\"https:\/\/www.elelmiszeresitalbiztonsag.hu\/wp-content\/uploads\/2020\/07\/IMG_1706-1024x768.jpg 1024w, https:\/\/www.elelmiszeresitalbiztonsag.hu\/wp-content\/uploads\/2020\/07\/IMG_1706-300x225.jpg 300w, https:\/\/www.elelmiszeresitalbiztonsag.hu\/wp-content\/uploads\/2020\/07\/IMG_1706-768x576.jpg 768w, https:\/\/www.elelmiszeresitalbiztonsag.hu\/wp-content\/uploads\/2020\/07\/IMG_1706-1536x1152.jpg 1536w, https:\/\/www.elelmiszeresitalbiztonsag.hu\/wp-content\/uploads\/2020\/07\/IMG_1706-2048x1536.jpg 2048w, https:\/\/www.elelmiszeresitalbiztonsag.hu\/wp-content\/uploads\/2020\/07\/IMG_1706-850x638.jpg 850w\" sizes=\"auto, (max-width: 1024px) 100vw, 1024px\" \/><\/a><\/figure>\n\n\n\n<figure class=\"wp-block-image size-large\"><a href=\"https:\/\/www.elelmiszeresitalbiztonsag.hu\/wp-content\/uploads\/2020\/07\/IMG_1709-scaled.jpg\"><img loading=\"lazy\" decoding=\"async\" width=\"1024\" height=\"768\" data-id=\"435\" src=\"https:\/\/www.elelmiszeresitalbiztonsag.hu\/wp-content\/uploads\/2020\/07\/IMG_1709-1024x768.jpg\" alt=\"\" class=\"wp-image-435\" srcset=\"https:\/\/www.elelmiszeresitalbiztonsag.hu\/wp-content\/uploads\/2020\/07\/IMG_1709-1024x768.jpg 1024w, https:\/\/www.elelmiszeresitalbiztonsag.hu\/wp-content\/uploads\/2020\/07\/IMG_1709-300x225.jpg 300w, https:\/\/www.elelmiszeresitalbiztonsag.hu\/wp-content\/uploads\/2020\/07\/IMG_1709-768x576.jpg 768w, https:\/\/www.elelmiszeresitalbiztonsag.hu\/wp-content\/uploads\/2020\/07\/IMG_1709-1536x1152.jpg 1536w, https:\/\/www.elelmiszeresitalbiztonsag.hu\/wp-content\/uploads\/2020\/07\/IMG_1709-2048x1536.jpg 2048w, https:\/\/www.elelmiszeresitalbiztonsag.hu\/wp-content\/uploads\/2020\/07\/IMG_1709-850x638.jpg 850w\" sizes=\"auto, (max-width: 1024px) 100vw, 1024px\" \/><\/a><\/figure>\n<\/figure>\n\n\n<\/p>\n<h2 id=\"block-27870fa9-11ae-41bd-bfc7-11f2f0e4b323\" class=\"block-editor-block-list__block wp-block is-selected rich-text block-editor-rich-text__editable has-text-align-center is-hovered wp-block\" tabindex=\"0\" role=\"textbox\" contenteditable=\"true\" aria-label=\"\u00cdrjunk c\u00edmsort\u2026\" aria-multiline=\"true\" data-block=\"27870fa9-11ae-41bd-bfc7-11f2f0e4b323\" data-type=\"core\/heading\" data-title=\"C\u00edmsor\"><strong data-rich-text-format-boundary=\"true\">Demj\u00e9n &#8211; 2019.11.05. (2. alkalom)<\/strong><\/h2>\n\n\n<figure class=\"wp-block-gallery has-nested-images columns-default is-cropped wp-block-gallery-4 is-layout-flex wp-block-gallery-is-layout-flex\">\n<figure class=\"wp-block-image size-large\"><a href=\"https:\/\/www.elelmiszeresitalbiztonsag.hu\/wp-content\/uploads\/2020\/07\/IMG_1732-scaled.jpg\"><img loading=\"lazy\" decoding=\"async\" width=\"1024\" height=\"768\" data-id=\"436\" src=\"https:\/\/www.elelmiszeresitalbiztonsag.hu\/wp-content\/uploads\/2020\/07\/IMG_1732-1024x768.jpg\" alt=\"\" class=\"wp-image-436\" srcset=\"https:\/\/www.elelmiszeresitalbiztonsag.hu\/wp-content\/uploads\/2020\/07\/IMG_1732-1024x768.jpg 1024w, https:\/\/www.elelmiszeresitalbiztonsag.hu\/wp-content\/uploads\/2020\/07\/IMG_1732-300x225.jpg 300w, https:\/\/www.elelmiszeresitalbiztonsag.hu\/wp-content\/uploads\/2020\/07\/IMG_1732-768x576.jpg 768w, https:\/\/www.elelmiszeresitalbiztonsag.hu\/wp-content\/uploads\/2020\/07\/IMG_1732-1536x1152.jpg 1536w, https:\/\/www.elelmiszeresitalbiztonsag.hu\/wp-content\/uploads\/2020\/07\/IMG_1732-2048x1536.jpg 2048w, https:\/\/www.elelmiszeresitalbiztonsag.hu\/wp-content\/uploads\/2020\/07\/IMG_1732-850x638.jpg 850w\" sizes=\"auto, (max-width: 1024px) 100vw, 1024px\" \/><\/a><\/figure>\n\n\n\n<figure class=\"wp-block-image size-large\"><a href=\"https:\/\/www.elelmiszeresitalbiztonsag.hu\/wp-content\/uploads\/2020\/07\/IMG_1736-scaled.jpg\"><img loading=\"lazy\" decoding=\"async\" width=\"1024\" height=\"768\" data-id=\"437\" src=\"https:\/\/www.elelmiszeresitalbiztonsag.hu\/wp-content\/uploads\/2020\/07\/IMG_1736-1024x768.jpg\" alt=\"\" class=\"wp-image-437\" srcset=\"https:\/\/www.elelmiszeresitalbiztonsag.hu\/wp-content\/uploads\/2020\/07\/IMG_1736-1024x768.jpg 1024w, https:\/\/www.elelmiszeresitalbiztonsag.hu\/wp-content\/uploads\/2020\/07\/IMG_1736-300x225.jpg 300w, https:\/\/www.elelmiszeresitalbiztonsag.hu\/wp-content\/uploads\/2020\/07\/IMG_1736-768x576.jpg 768w, https:\/\/www.elelmiszeresitalbiztonsag.hu\/wp-content\/uploads\/2020\/07\/IMG_1736-1536x1152.jpg 1536w, https:\/\/www.elelmiszeresitalbiztonsag.hu\/wp-content\/uploads\/2020\/07\/IMG_1736-2048x1536.jpg 2048w, https:\/\/www.elelmiszeresitalbiztonsag.hu\/wp-content\/uploads\/2020\/07\/IMG_1736-850x638.jpg 850w\" sizes=\"auto, (max-width: 1024px) 100vw, 1024px\" \/><\/a><\/figure>\n\n\n\n<figure class=\"wp-block-image size-large\"><a href=\"https:\/\/www.elelmiszeresitalbiztonsag.hu\/wp-content\/uploads\/2020\/07\/IMG_1741-scaled.jpg\"><img loading=\"lazy\" decoding=\"async\" width=\"1024\" height=\"768\" data-id=\"438\" src=\"https:\/\/www.elelmiszeresitalbiztonsag.hu\/wp-content\/uploads\/2020\/07\/IMG_1741-1024x768.jpg\" alt=\"\" class=\"wp-image-438\" srcset=\"https:\/\/www.elelmiszeresitalbiztonsag.hu\/wp-content\/uploads\/2020\/07\/IMG_1741-1024x768.jpg 1024w, https:\/\/www.elelmiszeresitalbiztonsag.hu\/wp-content\/uploads\/2020\/07\/IMG_1741-300x225.jpg 300w, https:\/\/www.elelmiszeresitalbiztonsag.hu\/wp-content\/uploads\/2020\/07\/IMG_1741-768x576.jpg 768w, https:\/\/www.elelmiszeresitalbiztonsag.hu\/wp-content\/uploads\/2020\/07\/IMG_1741-1536x1152.jpg 1536w, https:\/\/www.elelmiszeresitalbiztonsag.hu\/wp-content\/uploads\/2020\/07\/IMG_1741-2048x1536.jpg 2048w, https:\/\/www.elelmiszeresitalbiztonsag.hu\/wp-content\/uploads\/2020\/07\/IMG_1741-850x638.jpg 850w\" sizes=\"auto, (max-width: 1024px) 100vw, 1024px\" \/><\/a><\/figure>\n<\/figure>\n\n\n<\/p>\n<h2 style=\"text-align: center;\"><strong>Tatab\u00e1nya &#8211; 2019.11.14.<\/strong><\/h2>\n\n\n<figure class=\"wp-block-gallery has-nested-images columns-default is-cropped wp-block-gallery-5 is-layout-flex wp-block-gallery-is-layout-flex\">\n<figure class=\"wp-block-image size-large\"><a href=\"https:\/\/www.elelmiszeresitalbiztonsag.hu\/wp-content\/uploads\/2020\/02\/83895821_1463036767198838_627149569783758848_n.jpg\"><img loading=\"lazy\" decoding=\"async\" width=\"1024\" height=\"768\" data-id=\"260\" src=\"https:\/\/www.elelmiszeresitalbiztonsag.hu\/wp-content\/uploads\/2020\/02\/83895821_1463036767198838_627149569783758848_n.jpg\" alt=\"\" class=\"wp-image-260\" srcset=\"https:\/\/www.elelmiszeresitalbiztonsag.hu\/wp-content\/uploads\/2020\/02\/83895821_1463036767198838_627149569783758848_n.jpg 1024w, https:\/\/www.elelmiszeresitalbiztonsag.hu\/wp-content\/uploads\/2020\/02\/83895821_1463036767198838_627149569783758848_n-300x225.jpg 300w, https:\/\/www.elelmiszeresitalbiztonsag.hu\/wp-content\/uploads\/2020\/02\/83895821_1463036767198838_627149569783758848_n-768x576.jpg 768w, https:\/\/www.elelmiszeresitalbiztonsag.hu\/wp-content\/uploads\/2020\/02\/83895821_1463036767198838_627149569783758848_n-850x638.jpg 850w\" sizes=\"auto, (max-width: 1024px) 100vw, 1024px\" \/><\/a><\/figure>\n\n\n\n<figure class=\"wp-block-image size-large\"><a href=\"https:\/\/www.elelmiszeresitalbiztonsag.hu\/wp-content\/uploads\/2020\/02\/83912969_191602438712972_5788413805201457152_n.jpg\"><img loading=\"lazy\" decoding=\"async\" width=\"1024\" height=\"768\" data-id=\"259\" src=\"https:\/\/www.elelmiszeresitalbiztonsag.hu\/wp-content\/uploads\/2020\/02\/83912969_191602438712972_5788413805201457152_n.jpg\" alt=\"\" class=\"wp-image-259\" srcset=\"https:\/\/www.elelmiszeresitalbiztonsag.hu\/wp-content\/uploads\/2020\/02\/83912969_191602438712972_5788413805201457152_n.jpg 1024w, https:\/\/www.elelmiszeresitalbiztonsag.hu\/wp-content\/uploads\/2020\/02\/83912969_191602438712972_5788413805201457152_n-300x225.jpg 300w, https:\/\/www.elelmiszeresitalbiztonsag.hu\/wp-content\/uploads\/2020\/02\/83912969_191602438712972_5788413805201457152_n-768x576.jpg 768w, https:\/\/www.elelmiszeresitalbiztonsag.hu\/wp-content\/uploads\/2020\/02\/83912969_191602438712972_5788413805201457152_n-850x638.jpg 850w\" sizes=\"auto, (max-width: 1024px) 100vw, 1024px\" \/><\/a><\/figure>\n\n\n\n<figure class=\"wp-block-image size-large\"><a href=\"https:\/\/www.elelmiszeresitalbiztonsag.hu\/wp-content\/uploads\/2020\/02\/84077759_117578012983549_7209014155779506176_n.jpg\"><img loading=\"lazy\" decoding=\"async\" width=\"1024\" height=\"768\" data-id=\"261\" src=\"https:\/\/www.elelmiszeresitalbiztonsag.hu\/wp-content\/uploads\/2020\/02\/84077759_117578012983549_7209014155779506176_n.jpg\" alt=\"\" class=\"wp-image-261\" srcset=\"https:\/\/www.elelmiszeresitalbiztonsag.hu\/wp-content\/uploads\/2020\/02\/84077759_117578012983549_7209014155779506176_n.jpg 1024w, https:\/\/www.elelmiszeresitalbiztonsag.hu\/wp-content\/uploads\/2020\/02\/84077759_117578012983549_7209014155779506176_n-300x225.jpg 300w, https:\/\/www.elelmiszeresitalbiztonsag.hu\/wp-content\/uploads\/2020\/02\/84077759_117578012983549_7209014155779506176_n-768x576.jpg 768w, https:\/\/www.elelmiszeresitalbiztonsag.hu\/wp-content\/uploads\/2020\/02\/84077759_117578012983549_7209014155779506176_n-850x638.jpg 850w\" sizes=\"auto, (max-width: 1024px) 100vw, 1024px\" \/><\/a><\/figure>\n<\/figure>\n\n\n<\/p>\n<h2 style=\"text-align: center;\"><strong>Tatab\u00e1nya &#8211; 2019.11.15.<\/strong><\/h2>\n\n\n<figure class=\"wp-block-gallery has-nested-images columns-default is-cropped wp-block-gallery-6 is-layout-flex wp-block-gallery-is-layout-flex\">\n<figure class=\"wp-block-image size-large\"><a href=\"https:\/\/www.elelmiszeresitalbiztonsag.hu\/wp-content\/uploads\/2020\/02\/IMG_9239-scaled.jpg\"><img loading=\"lazy\" decoding=\"async\" width=\"1024\" height=\"768\" data-id=\"262\" src=\"https:\/\/www.elelmiszeresitalbiztonsag.hu\/wp-content\/uploads\/2020\/02\/IMG_9239-1024x768.jpg\" alt=\"\" class=\"wp-image-262\" srcset=\"https:\/\/www.elelmiszeresitalbiztonsag.hu\/wp-content\/uploads\/2020\/02\/IMG_9239-1024x768.jpg 1024w, https:\/\/www.elelmiszeresitalbiztonsag.hu\/wp-content\/uploads\/2020\/02\/IMG_9239-300x225.jpg 300w, https:\/\/www.elelmiszeresitalbiztonsag.hu\/wp-content\/uploads\/2020\/02\/IMG_9239-768x576.jpg 768w, https:\/\/www.elelmiszeresitalbiztonsag.hu\/wp-content\/uploads\/2020\/02\/IMG_9239-1536x1152.jpg 1536w, https:\/\/www.elelmiszeresitalbiztonsag.hu\/wp-content\/uploads\/2020\/02\/IMG_9239-2048x1536.jpg 2048w, https:\/\/www.elelmiszeresitalbiztonsag.hu\/wp-content\/uploads\/2020\/02\/IMG_9239-850x638.jpg 850w\" sizes=\"auto, (max-width: 1024px) 100vw, 1024px\" \/><\/a><\/figure>\n\n\n\n<figure class=\"wp-block-image size-large\"><a href=\"https:\/\/www.elelmiszeresitalbiztonsag.hu\/wp-content\/uploads\/2020\/02\/IMG_9232-scaled.jpg\"><img loading=\"lazy\" decoding=\"async\" width=\"1024\" height=\"768\" data-id=\"264\" src=\"https:\/\/www.elelmiszeresitalbiztonsag.hu\/wp-content\/uploads\/2020\/02\/IMG_9232-1024x768.jpg\" alt=\"\" class=\"wp-image-264\" srcset=\"https:\/\/www.elelmiszeresitalbiztonsag.hu\/wp-content\/uploads\/2020\/02\/IMG_9232-1024x768.jpg 1024w, https:\/\/www.elelmiszeresitalbiztonsag.hu\/wp-content\/uploads\/2020\/02\/IMG_9232-300x225.jpg 300w, https:\/\/www.elelmiszeresitalbiztonsag.hu\/wp-content\/uploads\/2020\/02\/IMG_9232-768x576.jpg 768w, https:\/\/www.elelmiszeresitalbiztonsag.hu\/wp-content\/uploads\/2020\/02\/IMG_9232-1536x1152.jpg 1536w, https:\/\/www.elelmiszeresitalbiztonsag.hu\/wp-content\/uploads\/2020\/02\/IMG_9232-2048x1536.jpg 2048w, https:\/\/www.elelmiszeresitalbiztonsag.hu\/wp-content\/uploads\/2020\/02\/IMG_9232-850x638.jpg 850w\" sizes=\"auto, (max-width: 1024px) 100vw, 1024px\" \/><\/a><\/figure>\n\n\n\n<figure class=\"wp-block-image size-large\"><a href=\"https:\/\/www.elelmiszeresitalbiztonsag.hu\/wp-content\/uploads\/2020\/02\/IMG_5955-1-scaled.jpg\"><img loading=\"lazy\" decoding=\"async\" width=\"1024\" height=\"768\" data-id=\"267\" src=\"https:\/\/www.elelmiszeresitalbiztonsag.hu\/wp-content\/uploads\/2020\/02\/IMG_5955-1-1024x768.jpg\" alt=\"\" class=\"wp-image-267\" srcset=\"https:\/\/www.elelmiszeresitalbiztonsag.hu\/wp-content\/uploads\/2020\/02\/IMG_5955-1-1024x768.jpg 1024w, https:\/\/www.elelmiszeresitalbiztonsag.hu\/wp-content\/uploads\/2020\/02\/IMG_5955-1-300x225.jpg 300w, https:\/\/www.elelmiszeresitalbiztonsag.hu\/wp-content\/uploads\/2020\/02\/IMG_5955-1-768x576.jpg 768w, https:\/\/www.elelmiszeresitalbiztonsag.hu\/wp-content\/uploads\/2020\/02\/IMG_5955-1-1536x1152.jpg 1536w, https:\/\/www.elelmiszeresitalbiztonsag.hu\/wp-content\/uploads\/2020\/02\/IMG_5955-1-2048x1536.jpg 2048w, https:\/\/www.elelmiszeresitalbiztonsag.hu\/wp-content\/uploads\/2020\/02\/IMG_5955-1-850x638.jpg 850w\" sizes=\"auto, (max-width: 1024px) 100vw, 1024px\" \/><\/a><\/figure>\n<\/figure>\n\n\n\n<p><\/p>\n\n\n\n<p><\/p>\n","protected":false},"excerpt":{"rendered":"<p>T\u00e1j\u00e9koztat\u00f3 rendezv\u00e9nyek a c\u00e9lcsoport sz\u00e1m\u00e1ra, inform\u00e1ci\u00f3s napok, tekintettel a p\u00e1ly\u00e1zati felh\u00edv\u00e1sban r\u00f6gz\u00edtett el\u0151\u00edr\u00e1sokra (6 r\u00e9gi\u00f3 el\u00e9r\u00e9se). 6 rendezv\u00e9ny val\u00f3sult meg, rendezv\u00e9nyenk\u00e9nt 100 f\u0151 r\u00e9szv\u00e9tel\u00e9vel (\u00f6sszesen 600 f\u0151) a hat konvergencia r\u00e9gi\u00f3ban. 2019.10.22.\u00a0 Kalocsa\u00a0\u00a0\u00a0\u00a0\u00a0\u00a0\u00a0\u00a0\u00a0\u00a0\u00a0\u00a0\u00a0\u00a0\u00a0\u00a0\u00a0\u00a0\u00a0\u00a0\u00a0\u00a0\u00a0\u00a0\u00a0 2019.10.28.\u00a0 Szeged 2019.11.05.\u00a0 Demj\u00e9n (1. alkalom) 2019.11.05\u00a0 \u00a0Demj\u00e9n (2. alkalom) 2019.11.14.\u00a0 Tatab\u00e1nya 2019.11.15.\u00a0 Tatab\u00e1nya \u00a0 Kalocsa &#8211; 2019.10.22. Szeged &#8211; 2019.10.28. Demj\u00e9n&#8230;<\/p>\n","protected":false},"author":2,"featured_media":0,"parent":0,"menu_order":0,"comment_status":"closed","ping_status":"closed","template":"","meta":{"footnotes":""},"class_list":["post-20","page","type-page","status-publish","hentry"],"_links":{"self":[{"href":"https:\/\/www.elelmiszeresitalbiztonsag.hu\/index.php\/wp-json\/wp\/v2\/pages\/20","targetHints":{"allow":["GET"]}}],"collection":[{"href":"https:\/\/www.elelmiszeresitalbiztonsag.hu\/index.php\/wp-json\/wp\/v2\/pages"}],"about":[{"href":"https:\/\/www.elelmiszeresitalbiztonsag.hu\/index.php\/wp-json\/wp\/v2\/types\/page"}],"author":[{"embeddable":true,"href":"https:\/\/www.elelmiszeresitalbiztonsag.hu\/index.php\/wp-json\/wp\/v2\/users\/2"}],"replies":[{"embeddable":true,"href":"https:\/\/www.elelmiszeresitalbiztonsag.hu\/index.php\/wp-json\/wp\/v2\/comments?post=20"}],"version-history":[{"count":13,"href":"https:\/\/www.elelmiszeresitalbiztonsag.hu\/index.php\/wp-json\/wp\/v2\/pages\/20\/revisions"}],"predecessor-version":[{"id":510,"href":"https:\/\/www.elelmiszeresitalbiztonsag.hu\/index.php\/wp-json\/wp\/v2\/pages\/20\/revisions\/510"}],"wp:attachment":[{"href":"https:\/\/www.elelmiszeresitalbiztonsag.hu\/index.php\/wp-json\/wp\/v2\/media?parent=20"}],"curies":[{"name":"wp","href":"https:\/\/api.w.org\/{rel}","templated":true}]}}