{"id":22,"date":"2018-11-16T11:44:29","date_gmt":"2018-11-16T11:44:29","guid":{"rendered":"http:\/\/www.elelmiszeresitalbiztonsag.hu\/?page_id=22"},"modified":"2024-07-16T10:42:11","modified_gmt":"2024-07-16T10:42:11","slug":"kepzesek","status":"publish","type":"page","link":"https:\/\/www.elelmiszeresitalbiztonsag.hu\/index.php\/kepzesek\/","title":{"rendered":"K\u00e9pz\u00e9sek"},"content":{"rendered":"<p style=\"text-align: justify;\">Munkav\u00e9delmi k\u00e9pvisel\u0151k k\u00e9pz\u00e9se \u2013 \u00e9tel- \u00e9s italgy\u00e1rt\u00e1s \u00e1gazatban (16 \u00f3ra)<\/p>\n<p style=\"text-align: justify;\">A munkahelyi biztons\u00e1g- eg\u00e9szs\u00e9gmeg\u0151rz\u00e9s a t\u00e1rsadalom sz\u00e1m\u00e1ra alapvet\u0151 \u00e9rt\u00e9k. A munkav\u00e1llal\u00f3i eg\u00e9szs\u00e9gnek, mint \u00e9rt\u00e9knek egyre nagyobb szerepet kell tulajdon\u00edtani a modern gazdas\u00e1gok zavartalan m\u0171k\u00f6d\u00e9s\u00e9hez. A munkav\u00e1llal\u00f3k lelki \u00e9s fizik\u00e1lis eg\u00e9szs\u00e9ge, ennek folyamatos t\u00e1mogat\u00e1sa hozz\u00e1j\u00e1rul a munkaszervezet hat\u00e9kony m\u0171k\u00f6d\u00e9s\u00e9hez, ez\u00e9rt \u00e9rdek\u00fck, hogy ezt biztos\u00edts\u00e1k munkav\u00e1llal\u00f3ik sz\u00e1m\u00e1ra. Ennek seg\u00edt\u00e9s\u00e9re \u00e9s ellen\u0151rz\u00e9s\u00e9re a munkav\u00e9delmi k\u00e9pvisel\u0151 szolg\u00e1l.<\/p>\n<p style=\"text-align: justify;\">Munkav\u00e9delmi k\u00e9pvisel\u0151k k\u00e9pz\u00e9se, kompetenci\u00e1inak fejleszt\u00e9se kiemelten fontos az \u00e9lelmiszer- \u00e9s italgy\u00e1rt\u00e1s \u00e1gazatban, \u00cdgy a k\u00e9pz\u00e9s c\u00e9lja volt azon munkav\u00e9delmi k\u00e9pvisel\u0151k kompetenci\u00e1inak fejleszt\u00e9se, akik ezen ter\u00fcleten dolgoznak, a fokozott munkav\u00e9delem \u00e9rdek\u00e9ben.<\/p>\n<p style=\"text-align: justify;\">A 2019.11.28.\u2013 2019.11.29. k\u00f6z\u00f6tt megval\u00f3sult k\u00e9pz\u00e9sre 12 f\u0151 szakember jelentkezett \u00e9s tett sikeres vizsg\u00e1t a z\u00e1r\u00e1s alkalm\u00e1val.<\/p>\n<h2>\u00a0<\/h2>\n<h2 style=\"text-align: center;\"><strong>Tatab\u00e1nya &#8211; 2019.11.28.<\/strong><\/h2>\n\n\n<figure class=\"wp-block-gallery has-nested-images columns-default is-cropped wp-block-gallery-1 is-layout-flex wp-block-gallery-is-layout-flex\">\n<figure class=\"wp-block-image size-large\"><a href=\"https:\/\/www.elelmiszeresitalbiztonsag.hu\/wp-content\/uploads\/2020\/02\/20191128_082014-1-scaled.jpg\"><img loading=\"lazy\" decoding=\"async\" width=\"1024\" height=\"576\" data-id=\"286\" src=\"https:\/\/www.elelmiszeresitalbiztonsag.hu\/wp-content\/uploads\/2020\/02\/20191128_082014-1-1024x576.jpg\" alt=\"\" class=\"wp-image-286\" srcset=\"https:\/\/www.elelmiszeresitalbiztonsag.hu\/wp-content\/uploads\/2020\/02\/20191128_082014-1-1024x576.jpg 1024w, https:\/\/www.elelmiszeresitalbiztonsag.hu\/wp-content\/uploads\/2020\/02\/20191128_082014-1-300x169.jpg 300w, https:\/\/www.elelmiszeresitalbiztonsag.hu\/wp-content\/uploads\/2020\/02\/20191128_082014-1-768x432.jpg 768w, https:\/\/www.elelmiszeresitalbiztonsag.hu\/wp-content\/uploads\/2020\/02\/20191128_082014-1-1536x864.jpg 1536w, https:\/\/www.elelmiszeresitalbiztonsag.hu\/wp-content\/uploads\/2020\/02\/20191128_082014-1-2048x1152.jpg 2048w, https:\/\/www.elelmiszeresitalbiztonsag.hu\/wp-content\/uploads\/2020\/02\/20191128_082014-1-850x478.jpg 850w\" sizes=\"auto, (max-width: 1024px) 100vw, 1024px\" \/><\/a><\/figure>\n\n\n\n<figure class=\"wp-block-image size-large\"><a href=\"https:\/\/www.elelmiszeresitalbiztonsag.hu\/wp-content\/uploads\/2020\/02\/20191128_083629-1-scaled.jpg\"><img loading=\"lazy\" decoding=\"async\" width=\"1024\" height=\"576\" data-id=\"287\" src=\"https:\/\/www.elelmiszeresitalbiztonsag.hu\/wp-content\/uploads\/2020\/02\/20191128_083629-1-1024x576.jpg\" alt=\"\" class=\"wp-image-287\" srcset=\"https:\/\/www.elelmiszeresitalbiztonsag.hu\/wp-content\/uploads\/2020\/02\/20191128_083629-1-1024x576.jpg 1024w, https:\/\/www.elelmiszeresitalbiztonsag.hu\/wp-content\/uploads\/2020\/02\/20191128_083629-1-300x169.jpg 300w, https:\/\/www.elelmiszeresitalbiztonsag.hu\/wp-content\/uploads\/2020\/02\/20191128_083629-1-768x432.jpg 768w, https:\/\/www.elelmiszeresitalbiztonsag.hu\/wp-content\/uploads\/2020\/02\/20191128_083629-1-1536x864.jpg 1536w, https:\/\/www.elelmiszeresitalbiztonsag.hu\/wp-content\/uploads\/2020\/02\/20191128_083629-1-2048x1152.jpg 2048w, https:\/\/www.elelmiszeresitalbiztonsag.hu\/wp-content\/uploads\/2020\/02\/20191128_083629-1-850x478.jpg 850w\" sizes=\"auto, (max-width: 1024px) 100vw, 1024px\" \/><\/a><\/figure>\n\n\n\n<figure class=\"wp-block-image size-large\"><a href=\"https:\/\/www.elelmiszeresitalbiztonsag.hu\/wp-content\/uploads\/2020\/02\/20191128_083638-1-scaled.jpg\"><img loading=\"lazy\" decoding=\"async\" width=\"1024\" height=\"576\" data-id=\"288\" src=\"https:\/\/www.elelmiszeresitalbiztonsag.hu\/wp-content\/uploads\/2020\/02\/20191128_083638-1-1024x576.jpg\" alt=\"\" class=\"wp-image-288\" srcset=\"https:\/\/www.elelmiszeresitalbiztonsag.hu\/wp-content\/uploads\/2020\/02\/20191128_083638-1-1024x576.jpg 1024w, https:\/\/www.elelmiszeresitalbiztonsag.hu\/wp-content\/uploads\/2020\/02\/20191128_083638-1-300x169.jpg 300w, https:\/\/www.elelmiszeresitalbiztonsag.hu\/wp-content\/uploads\/2020\/02\/20191128_083638-1-768x432.jpg 768w, https:\/\/www.elelmiszeresitalbiztonsag.hu\/wp-content\/uploads\/2020\/02\/20191128_083638-1-1536x864.jpg 1536w, https:\/\/www.elelmiszeresitalbiztonsag.hu\/wp-content\/uploads\/2020\/02\/20191128_083638-1-2048x1152.jpg 2048w, https:\/\/www.elelmiszeresitalbiztonsag.hu\/wp-content\/uploads\/2020\/02\/20191128_083638-1-850x478.jpg 850w\" sizes=\"auto, (max-width: 1024px) 100vw, 1024px\" \/><\/a><\/figure>\n<\/figure>\n\n\n<\/p>\n<h2 style=\"text-align: center;\"><strong>Tatab\u00e1nya &#8211; 2019.11.29.<\/strong><\/h2>\n\n\n<figure class=\"wp-block-gallery has-nested-images columns-default is-cropped wp-block-gallery-2 is-layout-flex wp-block-gallery-is-layout-flex\">\n<figure class=\"wp-block-image size-large\"><a href=\"https:\/\/www.elelmiszeresitalbiztonsag.hu\/wp-content\/uploads\/2020\/02\/20191129_080657-scaled.jpg\"><img loading=\"lazy\" decoding=\"async\" width=\"1024\" height=\"576\" data-id=\"289\" src=\"https:\/\/www.elelmiszeresitalbiztonsag.hu\/wp-content\/uploads\/2020\/02\/20191129_080657-1024x576.jpg\" alt=\"\" class=\"wp-image-289\" srcset=\"https:\/\/www.elelmiszeresitalbiztonsag.hu\/wp-content\/uploads\/2020\/02\/20191129_080657-1024x576.jpg 1024w, https:\/\/www.elelmiszeresitalbiztonsag.hu\/wp-content\/uploads\/2020\/02\/20191129_080657-300x169.jpg 300w, https:\/\/www.elelmiszeresitalbiztonsag.hu\/wp-content\/uploads\/2020\/02\/20191129_080657-768x432.jpg 768w, https:\/\/www.elelmiszeresitalbiztonsag.hu\/wp-content\/uploads\/2020\/02\/20191129_080657-1536x864.jpg 1536w, https:\/\/www.elelmiszeresitalbiztonsag.hu\/wp-content\/uploads\/2020\/02\/20191129_080657-2048x1152.jpg 2048w, https:\/\/www.elelmiszeresitalbiztonsag.hu\/wp-content\/uploads\/2020\/02\/20191129_080657-850x478.jpg 850w\" sizes=\"auto, (max-width: 1024px) 100vw, 1024px\" \/><\/a><\/figure>\n\n\n\n<figure class=\"wp-block-image size-large\"><a href=\"https:\/\/www.elelmiszeresitalbiztonsag.hu\/wp-content\/uploads\/2020\/02\/20191129_080650-1-scaled.jpg\"><img loading=\"lazy\" decoding=\"async\" width=\"1024\" height=\"576\" data-id=\"290\" src=\"https:\/\/www.elelmiszeresitalbiztonsag.hu\/wp-content\/uploads\/2020\/02\/20191129_080650-1-1024x576.jpg\" alt=\"\" class=\"wp-image-290\" srcset=\"https:\/\/www.elelmiszeresitalbiztonsag.hu\/wp-content\/uploads\/2020\/02\/20191129_080650-1-1024x576.jpg 1024w, https:\/\/www.elelmiszeresitalbiztonsag.hu\/wp-content\/uploads\/2020\/02\/20191129_080650-1-300x169.jpg 300w, https:\/\/www.elelmiszeresitalbiztonsag.hu\/wp-content\/uploads\/2020\/02\/20191129_080650-1-768x432.jpg 768w, https:\/\/www.elelmiszeresitalbiztonsag.hu\/wp-content\/uploads\/2020\/02\/20191129_080650-1-1536x864.jpg 1536w, https:\/\/www.elelmiszeresitalbiztonsag.hu\/wp-content\/uploads\/2020\/02\/20191129_080650-1-2048x1152.jpg 2048w, https:\/\/www.elelmiszeresitalbiztonsag.hu\/wp-content\/uploads\/2020\/02\/20191129_080650-1-850x478.jpg 850w\" sizes=\"auto, (max-width: 1024px) 100vw, 1024px\" \/><\/a><\/figure>\n\n\n\n<figure class=\"wp-block-image size-large\"><a href=\"https:\/\/www.elelmiszeresitalbiztonsag.hu\/wp-content\/uploads\/2020\/02\/20191129_080652-1-1-scaled.jpg\"><img loading=\"lazy\" decoding=\"async\" width=\"1024\" height=\"576\" data-id=\"291\" src=\"https:\/\/www.elelmiszeresitalbiztonsag.hu\/wp-content\/uploads\/2020\/02\/20191129_080652-1-1-1024x576.jpg\" alt=\"\" class=\"wp-image-291\" srcset=\"https:\/\/www.elelmiszeresitalbiztonsag.hu\/wp-content\/uploads\/2020\/02\/20191129_080652-1-1-1024x576.jpg 1024w, https:\/\/www.elelmiszeresitalbiztonsag.hu\/wp-content\/uploads\/2020\/02\/20191129_080652-1-1-300x169.jpg 300w, https:\/\/www.elelmiszeresitalbiztonsag.hu\/wp-content\/uploads\/2020\/02\/20191129_080652-1-1-768x432.jpg 768w, https:\/\/www.elelmiszeresitalbiztonsag.hu\/wp-content\/uploads\/2020\/02\/20191129_080652-1-1-1536x864.jpg 1536w, https:\/\/www.elelmiszeresitalbiztonsag.hu\/wp-content\/uploads\/2020\/02\/20191129_080652-1-1-2048x1152.jpg 2048w, https:\/\/www.elelmiszeresitalbiztonsag.hu\/wp-content\/uploads\/2020\/02\/20191129_080652-1-1-850x478.jpg 850w\" sizes=\"auto, (max-width: 1024px) 100vw, 1024px\" \/><\/a><\/figure>\n<\/figure>\n","protected":false},"excerpt":{"rendered":"<p>Munkav\u00e9delmi k\u00e9pvisel\u0151k k\u00e9pz\u00e9se \u2013 \u00e9tel- \u00e9s italgy\u00e1rt\u00e1s \u00e1gazatban (16 \u00f3ra) A munkahelyi biztons\u00e1g- eg\u00e9szs\u00e9gmeg\u0151rz\u00e9s a t\u00e1rsadalom sz\u00e1m\u00e1ra alapvet\u0151 \u00e9rt\u00e9k. A munkav\u00e1llal\u00f3i eg\u00e9szs\u00e9gnek, mint \u00e9rt\u00e9knek egyre nagyobb szerepet kell tulajdon\u00edtani a modern gazdas\u00e1gok zavartalan m\u0171k\u00f6d\u00e9s\u00e9hez. A munkav\u00e1llal\u00f3k lelki \u00e9s fizik\u00e1lis eg\u00e9szs\u00e9ge, ennek folyamatos t\u00e1mogat\u00e1sa hozz\u00e1j\u00e1rul a munkaszervezet hat\u00e9kony m\u0171k\u00f6d\u00e9s\u00e9hez, ez\u00e9rt \u00e9rdek\u00fck, hogy ezt biztos\u00edts\u00e1k munkav\u00e1llal\u00f3ik sz\u00e1m\u00e1ra&#8230;.<\/p>\n","protected":false},"author":2,"featured_media":0,"parent":0,"menu_order":0,"comment_status":"closed","ping_status":"closed","template":"","meta":{"footnotes":""},"class_list":["post-22","page","type-page","status-publish","hentry"],"_links":{"self":[{"href":"https:\/\/www.elelmiszeresitalbiztonsag.hu\/index.php\/wp-json\/wp\/v2\/pages\/22","targetHints":{"allow":["GET"]}}],"collection":[{"href":"https:\/\/www.elelmiszeresitalbiztonsag.hu\/index.php\/wp-json\/wp\/v2\/pages"}],"about":[{"href":"https:\/\/www.elelmiszeresitalbiztonsag.hu\/index.php\/wp-json\/wp\/v2\/types\/page"}],"author":[{"embeddable":true,"href":"https:\/\/www.elelmiszeresitalbiztonsag.hu\/index.php\/wp-json\/wp\/v2\/users\/2"}],"replies":[{"embeddable":true,"href":"https:\/\/www.elelmiszeresitalbiztonsag.hu\/index.php\/wp-json\/wp\/v2\/comments?post=22"}],"version-history":[{"count":9,"href":"https:\/\/www.elelmiszeresitalbiztonsag.hu\/index.php\/wp-json\/wp\/v2\/pages\/22\/revisions"}],"predecessor-version":[{"id":508,"href":"https:\/\/www.elelmiszeresitalbiztonsag.hu\/index.php\/wp-json\/wp\/v2\/pages\/22\/revisions\/508"}],"wp:attachment":[{"href":"https:\/\/www.elelmiszeresitalbiztonsag.hu\/index.php\/wp-json\/wp\/v2\/media?parent=22"}],"curies":[{"name":"wp","href":"https:\/\/api.w.org\/{rel}","templated":true}]}}