{"id":26,"date":"2018-11-16T11:45:03","date_gmt":"2018-11-16T11:45:03","guid":{"rendered":"http:\/\/www.elelmiszeresitalbiztonsag.hu\/?page_id=26"},"modified":"2024-07-16T11:51:47","modified_gmt":"2024-07-16T11:51:47","slug":"tevekenysegek","status":"publish","type":"page","link":"https:\/\/www.elelmiszeresitalbiztonsag.hu\/index.php\/tevekenysegek\/","title":{"rendered":"Tev\u00e9kenys\u00e9gek"},"content":{"rendered":"<h4><\/h4>\n<h2 style=\"text-align: center;\"><span style=\"color: #e87e5a;\"><a style=\"color: #e87e5a;\" href=\"https:\/\/www.elelmiszeresitalbiztonsag.hu\/index.php\/kepzesek\/\">K\u00e9pz\u00e9sek<\/a><\/span><\/h2>\n<h2 style=\"text-align: center;\"><span style=\"color: #e87e5a;\"><a style=\"color: #e87e5a;\" href=\"https:\/\/www.elelmiszeresitalbiztonsag.hu\/index.php\/rendezvenyek\/\">Rendezv\u00e9nyek<\/a><\/span><\/h2>\n","protected":false},"excerpt":{"rendered":"<p>K\u00e9pz\u00e9sek Rendezv\u00e9nyek<\/p>\n","protected":false},"author":2,"featured_media":0,"parent":0,"menu_order":0,"comment_status":"closed","ping_status":"closed","template":"","meta":{"footnotes":""},"class_list":["post-26","page","type-page","status-publish","hentry"],"_links":{"self":[{"href":"https:\/\/www.elelmiszeresitalbiztonsag.hu\/index.php\/wp-json\/wp\/v2\/pages\/26","targetHints":{"allow":["GET"]}}],"collection":[{"href":"https:\/\/www.elelmiszeresitalbiztonsag.hu\/index.php\/wp-json\/wp\/v2\/pages"}],"about":[{"href":"https:\/\/www.elelmiszeresitalbiztonsag.hu\/index.php\/wp-json\/wp\/v2\/types\/page"}],"author":[{"embeddable":true,"href":"https:\/\/www.elelmiszeresitalbiztonsag.hu\/index.php\/wp-json\/wp\/v2\/users\/2"}],"replies":[{"embeddable":true,"href":"https:\/\/www.elelmiszeresitalbiztonsag.hu\/index.php\/wp-json\/wp\/v2\/comments?post=26"}],"version-history":[{"count":5,"href":"https:\/\/www.elelmiszeresitalbiztonsag.hu\/index.php\/wp-json\/wp\/v2\/pages\/26\/revisions"}],"predecessor-version":[{"id":245,"href":"https:\/\/www.elelmiszeresitalbiztonsag.hu\/index.php\/wp-json\/wp\/v2\/pages\/26\/revisions\/245"}],"wp:attachment":[{"href":"https:\/\/www.elelmiszeresitalbiztonsag.hu\/index.php\/wp-json\/wp\/v2\/media?parent=26"}],"curies":[{"name":"wp","href":"https:\/\/api.w.org\/{rel}","templated":true}]}}