{"id":30,"date":"2018-11-16T11:45:23","date_gmt":"2018-11-16T11:45:23","guid":{"rendered":"http:\/\/www.elelmiszeresitalbiztonsag.hu\/?page_id=30"},"modified":"2024-07-16T10:37:53","modified_gmt":"2024-07-16T10:37:53","slug":"kapcsolat","status":"publish","type":"page","link":"https:\/\/www.elelmiszeresitalbiztonsag.hu\/index.php\/kapcsolat\/","title":{"rendered":"Kapcsolat"},"content":{"rendered":"<p style=\"text-align: center;\"><strong data-rich-text-format-boundary=\"true\">Magyar Iparsz\u00f6vets\u00e9g (OKISZ)<\/strong><\/p>\n<p class=\"has-text-align-center\">1141 Budapest, \u00c1lmos vez\u00e9r \u00fatja 58<\/p>\n<p class=\"has-text-align-center\"><strong>Telefonsz\u00e1m<\/strong>: +36202542320<\/p>\n<p style=\"text-align: center;\">Web: <a href=\"http:\/\/okisz.hu\" target=\"_blank\" rel=\"noopener\">www.okisz.hu<\/a><\/p>\n<p class=\"has-text-align-center\">Email c\u00edm: <a href=\"mailto:okisz@okiszinfo.hu\" target=\"_blank\" rel=\"noreferrer noopener\">okisz@okiszinfo.hu<\/a><\/p>\n<p class=\"has-text-align-center\"><strong>Munk\u00e1stan\u00e1csok Orsz\u00e1gos Sz\u00f6vets\u00e9ge<\/strong><\/p>\n<p class=\"has-text-align-center\">1125 Budapest, Szarvas G\u00e1bor \u00fat 9\/b.<\/p>\n<p class=\"has-text-align-center\"><strong>Telefonsz\u00e1m<\/strong>: 06\/1- 275-1445<\/p>\n<p class=\"has-text-align-center\">email c\u00edm:\u00a0<a href=\"mailto:mosz@munkastanacsok.hu\" target=\"_blank\" rel=\"noreferrer noopener\">mosz@munkastanacsok.hu<\/a><\/p>\n","protected":false},"excerpt":{"rendered":"<p>Magyar Iparsz\u00f6vets\u00e9g (OKISZ) 1141 Budapest, \u00c1lmos vez\u00e9r \u00fatja 58 Telefonsz\u00e1m: +36202542320 Web: www.okisz.hu Email c\u00edm: okisz@okiszinfo.hu Munk\u00e1stan\u00e1csok Orsz\u00e1gos Sz\u00f6vets\u00e9ge 1125 Budapest, Szarvas G\u00e1bor \u00fat 9\/b. Telefonsz\u00e1m: 06\/1- 275-1445 email c\u00edm:\u00a0mosz@munkastanacsok.hu<\/p>\n","protected":false},"author":2,"featured_media":0,"parent":0,"menu_order":0,"comment_status":"closed","ping_status":"closed","template":"","meta":{"footnotes":""},"class_list":["post-30","page","type-page","status-publish","hentry"],"_links":{"self":[{"href":"https:\/\/www.elelmiszeresitalbiztonsag.hu\/index.php\/wp-json\/wp\/v2\/pages\/30","targetHints":{"allow":["GET"]}}],"collection":[{"href":"https:\/\/www.elelmiszeresitalbiztonsag.hu\/index.php\/wp-json\/wp\/v2\/pages"}],"about":[{"href":"https:\/\/www.elelmiszeresitalbiztonsag.hu\/index.php\/wp-json\/wp\/v2\/types\/page"}],"author":[{"embeddable":true,"href":"https:\/\/www.elelmiszeresitalbiztonsag.hu\/index.php\/wp-json\/wp\/v2\/users\/2"}],"replies":[{"embeddable":true,"href":"https:\/\/www.elelmiszeresitalbiztonsag.hu\/index.php\/wp-json\/wp\/v2\/comments?post=30"}],"version-history":[{"count":8,"href":"https:\/\/www.elelmiszeresitalbiztonsag.hu\/index.php\/wp-json\/wp\/v2\/pages\/30\/revisions"}],"predecessor-version":[{"id":502,"href":"https:\/\/www.elelmiszeresitalbiztonsag.hu\/index.php\/wp-json\/wp\/v2\/pages\/30\/revisions\/502"}],"wp:attachment":[{"href":"https:\/\/www.elelmiszeresitalbiztonsag.hu\/index.php\/wp-json\/wp\/v2\/media?parent=30"}],"curies":[{"name":"wp","href":"https:\/\/api.w.org\/{rel}","templated":true}]}}